{"id":737,"date":"2018-12-21T13:41:17","date_gmt":"2018-12-21T16:41:17","guid":{"rendered":"https:\/\/kyaserv.com.ar\/ohaus\/?page_id=737"},"modified":"2024-01-03T10:11:39","modified_gmt":"2024-01-03T13:11:39","slug":"contacto","status":"publish","type":"page","link":"https:\/\/kyaserv.com.ar\/ohaus\/contacto\/","title":{"rendered":"Contacto"},"content":{"rendered":"<p><!-- <a class=\"popup\" href=\"https:\/\/kyaserv.com.ar\/web\/chat-online\/\" data-height=\"300\" data-width=\"300\" data-scrollbars=\"0\"><span data-mce-type=\"bookmark\" style=\"display: inline-block; width: 0px; overflow: hidden; line-height: 0;\" class=\"mce_SELRES_start\"><\/span><span data-mce-type=\"bookmark\" style=\"display: inline-block; width: 0px; overflow: hidden; line-height: 0;\" class=\"mce_SELRES_start\"><\/span><span data-mce-type=\"bookmark\" style=\"display: inline-block; width: 0px; overflow: hidden; line-height: 0;\" class=\"mce_SELRES_start\"><\/span><span data-mce-type=\"bookmark\" style=\"display: inline-block; width: 0px; overflow: hidden; line-height: 0;\" class=\"mce_SELRES_start\"><\/span><span data-mce-type=\"bookmark\" style=\"display: inline-block; width: 0px; overflow: hidden; line-height: 0;\" class=\"mce_SELRES_start\"><\/span>Link Text --><\/p>\n<h2 style=\"text-align: left;\">Datos de contacto:<\/h2>\n<h5 style=\"text-align: center;\"><strong><span style=\"color: #ff0000;\">ATENCION!!! NUEVA DIRECCION!!!<\/span><\/strong><\/h5>\n<p>Calle: Calle 115 nro 1497 entre 410 y 411<\/p>\n<p>C\u00f3digo Postal: (B1894BLW) &#8211; Localidad: Villa Elisa &#8211; Partido: La Plata &#8211; Provincia: Buenos Aires<\/p>\n<p><img loading=\"lazy\" class=\"alignnone size-full wp-image-3910\" src=\"https:\/\/kyaserv.com.ar\/web\/wp-content\/uploads\/2014\/08\/telefono-logo.png\" alt=\"telefono-logo\" width=\"50\" height=\"50\" \/><img loading=\"lazy\" class=\"alignnone size-full wp-image-3913\" src=\"https:\/\/kyaserv.com.ar\/web\/wp-content\/uploads\/2014\/08\/fax-logo.png\" alt=\"fax-logo\" width=\"50\" height=\"50\" \/>\u00a0 <b>011-5199-7958<\/b><\/p>\n<p><img loading=\"lazy\" class=\"alignnone size-full wp-image-3912\" src=\"https:\/\/kyaserv.com.ar\/web\/wp-content\/uploads\/2014\/08\/whatsapp-logo.png\" alt=\"whatsapp-logo\" width=\"50\" height=\"50\" \/>\u00a0+54-9-11-6516-0955<\/p>\n<p><a href=\"mailto:info@kyaserv.com.ar\"><img loading=\"lazy\" class=\"alignnone size-full wp-image-3915\" src=\"https:\/\/kyaserv.com.ar\/web\/wp-content\/uploads\/2014\/08\/email-logo.png\" alt=\"email-logo\" width=\"50\" height=\"50\" \/>\u00a0info@kyaserv.com.ar\u00a0<\/a>\u00a0 \u00a0 \u00a0 \u00a0 \u00a0 \u00a0 \u00a0<\/p>\n<p>Horarios de atenci\u00f3n al p\u00fablico: Lunes a Viernes de 9 a 17 Hs<\/p>\n<h2>Mapa de ubicaci\u00f3n:<\/h2>\n\n\n<pre class=\"wp-block-preformatted\"><iframe src=\"https:\/\/www.google.com\/maps\/embed?pb=!1m18!1m12!1m3!1d1946.9638459372215!2d-58.083042530869356!3d-34.84643072389798!2m3!1f0!2f0!3f0!3m2!1i1024!2i768!4f13.1!3m3!1m2!1s0x95a2df26dca04f0b%3A0xa29abf0ee277aab!2zMzTCsDUwJzQ0LjQiUyA1OMKwMDQnNTYuMCJX!5e0!3m2!1ses-419!2sar!4v1664282411005!5m2!1ses-419!2sar\" width=\"600\" height=\"450\" style=\"border:0;\" allowfullscreen=\"\" loading=\"lazy\" referrerpolicy=\"no-referrer-when-downgrade\"><\/iframe><\/pre>\n\n\n<p><!-- <a class=\"popup\" href=\"https:\/\/kyaserv.com.ar\/web\/chat-online\/\" data-height=\"300\" data-width=\"300\" data-scrollbars=\"0\"><span data-mce-type=\"bookmark\" style=\"display: inline-block; width: 0px; overflow: hidden; line-height: 0;\" class=\"mce_SELRES_start\"><\/span><span data-mce-type=\"bookmark\" style=\"display: inline-block; width: 0px; overflow: hidden; line-height: 0;\" class=\"mce_SELRES_start\"><\/span><span data-mce-type=\"bookmark\" style=\"display: inline-block; width: 0px; overflow: hidden; line-height: 0;\" class=\"mce_SELRES_start\"><\/span><span data-mce-type=\"bookmark\" style=\"display: inline-block; width: 0px; overflow: hidden; line-height: 0;\" class=\"mce_SELRES_start\"><\/span><span data-mce-type=\"bookmark\" style=\"display: inline-block; width: 0px; overflow: hidden; line-height: 0;\" class=\"mce_SELRES_start\"><\/span>Link Text --><\/p>\n<h2>Formulario de contacto:<\/h2>\n<h6>(*) Datos OBLIGATORIOS b\u00e1sicos para poder procesar su consulta.<\/h6>\n<h6>El resto de los datos, aunque no obligatorios, recomendamos completarlos ya que permitir\u00e1 procesar de forma mucho m\u00e1s \u00e1gil su requerimiento. Gracias por su tiempo.<\/h6>\n<div role=\"form\" class=\"wpcf7\" id=\"wpcf7-f631-o1\" lang=\"es-ES\" dir=\"ltr\">\n<div class=\"screen-reader-response\"><p role=\"status\" aria-live=\"polite\" aria-atomic=\"true\"><\/p> <ul><\/ul><\/div>\n<form action=\"\/ohaus\/wp-json\/wp\/v2\/pages\/737#wpcf7-f631-o1\" method=\"post\" class=\"wpcf7-form init\" novalidate=\"novalidate\" data-status=\"init\">\n<div style=\"display: none;\">\n<input type=\"hidden\" name=\"_wpcf7\" value=\"631\" \/>\n<input type=\"hidden\" name=\"_wpcf7_version\" value=\"5.6.3\" \/>\n<input type=\"hidden\" name=\"_wpcf7_locale\" value=\"es_ES\" \/>\n<input type=\"hidden\" name=\"_wpcf7_unit_tag\" value=\"wpcf7-f631-o1\" \/>\n<input type=\"hidden\" name=\"_wpcf7_container_post\" value=\"0\" \/>\n<input type=\"hidden\" name=\"_wpcf7_posted_data_hash\" value=\"\" \/>\n<input type=\"hidden\" name=\"_wpcf7_recaptcha_response\" value=\"\" \/>\n<\/div>\n<p>Empresa (*) (si es unipersonal ingrese aqu\u00ed su nombre y apellido)<br \/>\n    <span class=\"wpcf7-form-control-wrap\" data-name=\"empresa\"><input type=\"text\" name=\"empresa\" value=\"\" size=\"40\" class=\"wpcf7-form-control wpcf7-text wpcf7-validates-as-required\" aria-required=\"true\" aria-invalid=\"false\" \/><\/span> <\/p>\n<p>Nombre (*)<br \/>\n    <span class=\"wpcf7-form-control-wrap\" data-name=\"nombre\"><input type=\"text\" name=\"nombre\" value=\"\" size=\"40\" class=\"wpcf7-form-control wpcf7-text wpcf7-validates-as-required\" aria-required=\"true\" aria-invalid=\"false\" \/><\/span> <\/p>\n<p>Apellido (*)<br \/>\n    <span class=\"wpcf7-form-control-wrap\" data-name=\"apellido\"><input type=\"text\" name=\"apellido\" value=\"\" size=\"40\" class=\"wpcf7-form-control wpcf7-text wpcf7-validates-as-required\" aria-required=\"true\" aria-invalid=\"false\" \/><\/span> <\/p>\n<p>Email (*)<br \/>\n    <span class=\"wpcf7-form-control-wrap\" data-name=\"correo\"><input type=\"email\" name=\"correo\" value=\"\" size=\"40\" class=\"wpcf7-form-control wpcf7-text wpcf7-email wpcf7-validates-as-required wpcf7-validates-as-email\" aria-required=\"true\" aria-invalid=\"false\" \/><\/span> <\/p>\n<p>Asunto (*)<br \/>\n    <span class=\"wpcf7-form-control-wrap\" data-name=\"asunto\"><input type=\"text\" name=\"asunto\" value=\"\" size=\"40\" class=\"wpcf7-form-control wpcf7-text wpcf7-validates-as-required\" aria-required=\"true\" aria-invalid=\"false\" \/><\/span> <\/p>\n<p>Mensaje (*)<br \/>\n    <span class=\"wpcf7-form-control-wrap\" data-name=\"mensaje\"><textarea name=\"mensaje\" cols=\"40\" rows=\"10\" class=\"wpcf7-form-control wpcf7-textarea wpcf7-validates-as-required\" aria-required=\"true\" aria-invalid=\"false\"><\/textarea><\/span> <\/p>\n<p>Tel\u00e9fono celular (*)<br \/>\n    <span class=\"wpcf7-form-control-wrap\" data-name=\"celular\"><input type=\"tel\" name=\"celular\" value=\"\" size=\"40\" class=\"wpcf7-form-control wpcf7-text wpcf7-tel wpcf7-validates-as-required wpcf7-validates-as-tel\" aria-required=\"true\" aria-invalid=\"false\" \/><\/span> <\/p>\n<p>Tel\u00e9fono general de la empresa (*)<br \/>\n    <span class=\"wpcf7-form-control-wrap\" data-name=\"telefono\"><input type=\"tel\" name=\"telefono\" value=\"\" size=\"40\" class=\"wpcf7-form-control wpcf7-text wpcf7-tel wpcf7-validates-as-required wpcf7-validates-as-tel\" aria-required=\"true\" aria-invalid=\"false\" \/><\/span> <\/p>\n<p>Cargo en la empresa<br \/>\n    <span class=\"wpcf7-form-control-wrap\" data-name=\"cargo\"><input type=\"text\" name=\"cargo\" value=\"\" size=\"40\" class=\"wpcf7-form-control wpcf7-text\" aria-invalid=\"false\" \/><\/span> <\/p>\n<p>Direcci\u00f3n (Calle)<br \/>\n    <span class=\"wpcf7-form-control-wrap\" data-name=\"direccion\"><input type=\"text\" name=\"direccion\" value=\"\" size=\"40\" class=\"wpcf7-form-control wpcf7-text\" aria-invalid=\"false\" \/><\/span>  <\/p>\n<p>Direcci\u00f3n (N\u00famero)<br \/>\n    <span class=\"wpcf7-form-control-wrap\" data-name=\"numero\"><input type=\"text\" name=\"numero\" value=\"\" size=\"40\" class=\"wpcf7-form-control wpcf7-text\" aria-invalid=\"false\" \/><\/span> <\/p>\n<p>Direcci\u00f3n (Departamento \/ Oficina)<br \/>\n    <span class=\"wpcf7-form-control-wrap\" data-name=\"dto\"><input type=\"text\" name=\"dto\" value=\"\" size=\"40\" class=\"wpcf7-form-control wpcf7-text\" aria-invalid=\"false\" \/><\/span> <\/p>\n<p>Partido y Localidad<br \/>\n    <span class=\"wpcf7-form-control-wrap\" data-name=\"ciudad\"><input type=\"text\" name=\"ciudad\" value=\"\" size=\"40\" class=\"wpcf7-form-control wpcf7-text\" aria-invalid=\"false\" \/><\/span> <\/p>\n<p>C\u00f3digo Postal<br \/>\n    <span class=\"wpcf7-form-control-wrap\" data-name=\"cp\"><input type=\"number\" name=\"cp\" value=\"\" class=\"wpcf7-form-control wpcf7-number wpcf7-validates-as-number\" aria-invalid=\"false\" \/><\/span> <\/p>\n<p>Provincia<br \/>\n    <span class=\"wpcf7-form-control-wrap\" data-name=\"provincia\"><input type=\"text\" name=\"provincia\" value=\"\" size=\"40\" class=\"wpcf7-form-control wpcf7-text\" aria-invalid=\"false\" \/><\/span> <\/p>\n<p>Pa\u00eds<br \/>\n    <span class=\"wpcf7-form-control-wrap\" data-name=\"pais\"><input type=\"text\" name=\"pais\" value=\"\" size=\"40\" class=\"wpcf7-form-control wpcf7-text\" aria-invalid=\"false\" \/><\/span> <\/p>\n<p>Sitio web<br \/>\n    <span class=\"wpcf7-form-control-wrap\" data-name=\"sitioweb\"><input type=\"url\" name=\"sitioweb\" value=\"\" size=\"40\" class=\"wpcf7-form-control wpcf7-text wpcf7-url wpcf7-validates-as-url\" aria-invalid=\"false\" \/><\/span> <\/p>\n<p>Actividad o rubro<br \/>\n    <span class=\"wpcf7-form-control-wrap\" data-name=\"industria\"><input type=\"text\" name=\"industria\" value=\"\" size=\"40\" class=\"wpcf7-form-control wpcf7-text\" aria-invalid=\"false\" \/><\/span> <\/p>\n<p><input type=\"submit\" value=\"Enviar\" class=\"wpcf7-form-control has-spinner wpcf7-submit\" \/><\/p>\n<div class=\"wpcf7-response-output\" aria-hidden=\"true\"><\/div><\/form><\/div>\n<p><!-- <iframe src=\"https:\/\/kiwiirc.com\/client?settings=875edaecd6bfbe56ca511154bb94762f\" style=\"border:0; width:100%; height:450px;\"> --><\/p>\n<p><script src=\"https:\/\/swc.cdn.skype.com\/sdk\/v1\/sdk.min.js\"><\/script><\/p>\n\n\n<p><\/p>\n","protected":false},"excerpt":{"rendered":"<p>Datos de contacto: ATENCION!!! NUEVA DIRECCION!!! Calle: Calle 115 nro 1497 entre 410 y 411 C\u00f3digo Postal: (B1894BLW) &#8211; Localidad: Villa Elisa &#8211; Partido: La Plata &#8211; Provincia: Buenos Aires \u00a0 011-5199-7958 \u00a0+54-9-11-6516-0955 \u00a0info@kyaserv.com.ar\u00a0\u00a0 \u00a0 \u00a0 \u00a0 \u00a0 \u00a0 \u00a0 Horarios de atenci\u00f3n al p\u00fablico: Lunes a Viernes de 9 [\u2026] <\/p>\n<div class=\"clear\"><\/div>\n<p><a class=\"more_link clearfix\" href=\"https:\/\/kyaserv.com.ar\/ohaus\/contacto\/\" rel=\"nofollow\">M\u00e1s informaci\u00f3n &rarr;<\/a><\/p>\n","protected":false},"author":3,"featured_media":0,"parent":0,"menu_order":0,"comment_status":"closed","ping_status":"closed","template":"","meta":{"_monsterinsights_skip_tracking":false,"_monsterinsights_sitenote_active":false,"_monsterinsights_sitenote_note":"","_monsterinsights_sitenote_category":0,"_joinchat":[]},"yoast_head":"<!-- This site is optimized with the Yoast SEO plugin v19.7.2 - https:\/\/yoast.com\/wordpress\/plugins\/seo\/ -->\n<title>Contacto - Balanzas OHAUS<\/title>\n<meta name=\"robots\" content=\"index, follow, max-snippet:-1, max-image-preview:large, max-video-preview:-1\" \/>\n<link rel=\"canonical\" href=\"https:\/\/kyaserv.com.ar\/ohaus\/contacto\/\" \/>\n<meta property=\"og:locale\" content=\"es_ES\" \/>\n<meta property=\"og:type\" content=\"article\" \/>\n<meta property=\"og:title\" content=\"Contacto - Balanzas OHAUS\" \/>\n<meta property=\"og:description\" content=\"Datos de contacto: ATENCION!!! NUEVA DIRECCION!!! Calle: Calle 115 nro 1497 entre 410 y 411 C\u00f3digo Postal: (B1894BLW) &#8211; Localidad: Villa Elisa &#8211; Partido: La Plata &#8211; Provincia: Buenos Aires \u00a0 011-5199-7958 \u00a0+54-9-11-6516-0955 \u00a0info@kyaserv.com.ar\u00a0\u00a0 \u00a0 \u00a0 \u00a0 \u00a0 \u00a0 \u00a0 Horarios de atenci\u00f3n al p\u00fablico: Lunes a Viernes de 9 [\u2026] M\u00e1s informaci\u00f3n &rarr;\" \/>\n<meta property=\"og:url\" content=\"https:\/\/kyaserv.com.ar\/ohaus\/contacto\/\" \/>\n<meta property=\"og:site_name\" content=\"Balanzas OHAUS\" \/>\n<meta property=\"article:modified_time\" content=\"2024-01-03T13:11:39+00:00\" \/>\n<meta property=\"og:image\" content=\"http:\/\/kyaserv.com.ar\/web\/wp-content\/uploads\/2014\/08\/telefono-logo.png\" \/>\n<meta name=\"twitter:label1\" content=\"Tiempo de lectura\" \/>\n\t<meta name=\"twitter:data1\" content=\"2 minutos\" \/>\n<script type=\"application\/ld+json\" class=\"yoast-schema-graph\">{\"@context\":\"https:\/\/schema.org\",\"@graph\":[{\"@type\":\"WebPage\",\"@id\":\"https:\/\/kyaserv.com.ar\/ohaus\/contacto\/\",\"url\":\"https:\/\/kyaserv.com.ar\/ohaus\/contacto\/\",\"name\":\"Contacto - Balanzas OHAUS\",\"isPartOf\":{\"@id\":\"https:\/\/kyaserv.com.ar\/ohaus\/#website\"},\"datePublished\":\"2018-12-21T16:41:17+00:00\",\"dateModified\":\"2024-01-03T13:11:39+00:00\",\"breadcrumb\":{\"@id\":\"https:\/\/kyaserv.com.ar\/ohaus\/contacto\/#breadcrumb\"},\"inLanguage\":\"es-AR\",\"potentialAction\":[{\"@type\":\"ReadAction\",\"target\":[\"https:\/\/kyaserv.com.ar\/ohaus\/contacto\/\"]}]},{\"@type\":\"BreadcrumbList\",\"@id\":\"https:\/\/kyaserv.com.ar\/ohaus\/contacto\/#breadcrumb\",\"itemListElement\":[{\"@type\":\"ListItem\",\"position\":1,\"name\":\"Home\",\"item\":\"https:\/\/kyaserv.com.ar\/ohaus\/\"},{\"@type\":\"ListItem\",\"position\":2,\"name\":\"Contacto\"}]},{\"@type\":\"WebSite\",\"@id\":\"https:\/\/kyaserv.com.ar\/ohaus\/#website\",\"url\":\"https:\/\/kyaserv.com.ar\/ohaus\/\",\"name\":\"Balanzas OHAUS\",\"description\":\"Balanzas OHAUS - Precisi\u00f3n, anal\u00edticas, granatarias\",\"potentialAction\":[{\"@type\":\"SearchAction\",\"target\":{\"@type\":\"EntryPoint\",\"urlTemplate\":\"https:\/\/kyaserv.com.ar\/ohaus\/?s={search_term_string}\"},\"query-input\":\"required name=search_term_string\"}],\"inLanguage\":\"es-AR\"}]}<\/script>\n<!-- \/ Yoast SEO plugin. -->","yoast_head_json":{"title":"Contacto - Balanzas OHAUS","robots":{"index":"index","follow":"follow","max-snippet":"max-snippet:-1","max-image-preview":"max-image-preview:large","max-video-preview":"max-video-preview:-1"},"canonical":"https:\/\/kyaserv.com.ar\/ohaus\/contacto\/","og_locale":"es_ES","og_type":"article","og_title":"Contacto - Balanzas OHAUS","og_description":"Datos de contacto: ATENCION!!! NUEVA DIRECCION!!! Calle: Calle 115 nro 1497 entre 410 y 411 C\u00f3digo Postal: (B1894BLW) &#8211; Localidad: Villa Elisa &#8211; Partido: La Plata &#8211; Provincia: Buenos Aires \u00a0 011-5199-7958 \u00a0+54-9-11-6516-0955 \u00a0info@kyaserv.com.ar\u00a0\u00a0 \u00a0 \u00a0 \u00a0 \u00a0 \u00a0 \u00a0 Horarios de atenci\u00f3n al p\u00fablico: Lunes a Viernes de 9 [\u2026] M\u00e1s informaci\u00f3n &rarr;","og_url":"https:\/\/kyaserv.com.ar\/ohaus\/contacto\/","og_site_name":"Balanzas OHAUS","article_modified_time":"2024-01-03T13:11:39+00:00","og_image":[{"url":"http:\/\/kyaserv.com.ar\/web\/wp-content\/uploads\/2014\/08\/telefono-logo.png"}],"twitter_misc":{"Tiempo de lectura":"2 minutos"},"schema":{"@context":"https:\/\/schema.org","@graph":[{"@type":"WebPage","@id":"https:\/\/kyaserv.com.ar\/ohaus\/contacto\/","url":"https:\/\/kyaserv.com.ar\/ohaus\/contacto\/","name":"Contacto - Balanzas OHAUS","isPartOf":{"@id":"https:\/\/kyaserv.com.ar\/ohaus\/#website"},"datePublished":"2018-12-21T16:41:17+00:00","dateModified":"2024-01-03T13:11:39+00:00","breadcrumb":{"@id":"https:\/\/kyaserv.com.ar\/ohaus\/contacto\/#breadcrumb"},"inLanguage":"es-AR","potentialAction":[{"@type":"ReadAction","target":["https:\/\/kyaserv.com.ar\/ohaus\/contacto\/"]}]},{"@type":"BreadcrumbList","@id":"https:\/\/kyaserv.com.ar\/ohaus\/contacto\/#breadcrumb","itemListElement":[{"@type":"ListItem","position":1,"name":"Home","item":"https:\/\/kyaserv.com.ar\/ohaus\/"},{"@type":"ListItem","position":2,"name":"Contacto"}]},{"@type":"WebSite","@id":"https:\/\/kyaserv.com.ar\/ohaus\/#website","url":"https:\/\/kyaserv.com.ar\/ohaus\/","name":"Balanzas OHAUS","description":"Balanzas OHAUS - Precisi\u00f3n, anal\u00edticas, granatarias","potentialAction":[{"@type":"SearchAction","target":{"@type":"EntryPoint","urlTemplate":"https:\/\/kyaserv.com.ar\/ohaus\/?s={search_term_string}"},"query-input":"required name=search_term_string"}],"inLanguage":"es-AR"}]}},"_links":{"self":[{"href":"https:\/\/kyaserv.com.ar\/ohaus\/wp-json\/wp\/v2\/pages\/737"}],"collection":[{"href":"https:\/\/kyaserv.com.ar\/ohaus\/wp-json\/wp\/v2\/pages"}],"about":[{"href":"https:\/\/kyaserv.com.ar\/ohaus\/wp-json\/wp\/v2\/types\/page"}],"author":[{"embeddable":true,"href":"https:\/\/kyaserv.com.ar\/ohaus\/wp-json\/wp\/v2\/users\/3"}],"replies":[{"embeddable":true,"href":"https:\/\/kyaserv.com.ar\/ohaus\/wp-json\/wp\/v2\/comments?post=737"}],"version-history":[{"count":11,"href":"https:\/\/kyaserv.com.ar\/ohaus\/wp-json\/wp\/v2\/pages\/737\/revisions"}],"predecessor-version":[{"id":785,"href":"https:\/\/kyaserv.com.ar\/ohaus\/wp-json\/wp\/v2\/pages\/737\/revisions\/785"}],"wp:attachment":[{"href":"https:\/\/kyaserv.com.ar\/ohaus\/wp-json\/wp\/v2\/media?parent=737"}],"curies":[{"name":"wp","href":"https:\/\/api.w.org\/{rel}","templated":true}]}}