{"id":1867,"date":"2014-08-24T18:28:14","date_gmt":"2014-08-24T21:28:14","guid":{"rendered":"https:\/\/kyaserv.com.ar\/web\/?page_id=1867"},"modified":"2014-09-01T23:14:15","modified_gmt":"2014-09-02T02:14:15","slug":"ohaus","status":"publish","type":"page","link":"https:\/\/kyaserv.com.ar\/web\/ohaus\/","title":{"rendered":"OHAUS"},"content":{"rendered":"<p><a href=\"http:\/\/ohaus.kyaserv.com.ar\" target=\"_blank\"><img loading=\"lazy\" class=\"aligncenter wp-image-1868 size-medium\" src=\"https:\/\/kyaserv.com.ar\/web\/wp-content\/uploads\/2014\/08\/logo-ohaus-300x300.jpg\" alt=\"logo ohaus\" width=\"300\" height=\"300\" srcset=\"https:\/\/kyaserv.com.ar\/web\/wp-content\/uploads\/2014\/08\/logo-ohaus-300x300.jpg 300w, https:\/\/kyaserv.com.ar\/web\/wp-content\/uploads\/2014\/08\/logo-ohaus-150x150.jpg 150w, https:\/\/kyaserv.com.ar\/web\/wp-content\/uploads\/2014\/08\/logo-ohaus-55x55.jpg 55w, https:\/\/kyaserv.com.ar\/web\/wp-content\/uploads\/2014\/08\/logo-ohaus-680x680.jpg 680w, https:\/\/kyaserv.com.ar\/web\/wp-content\/uploads\/2014\/08\/logo-ohaus-72x72.jpg 72w, https:\/\/kyaserv.com.ar\/web\/wp-content\/uploads\/2014\/08\/logo-ohaus-200x200.jpg 200w, https:\/\/kyaserv.com.ar\/web\/wp-content\/uploads\/2014\/08\/logo-ohaus-340x340.jpg 340w, https:\/\/kyaserv.com.ar\/web\/wp-content\/uploads\/2014\/08\/logo-ohaus.jpg 900w\" sizes=\"(max-width: 300px) 100vw, 300px\" \/><\/a><\/p>\n<h3 style=\"text-align: center;\"><a title=\"OHAUS\" href=\"http:\/\/www.ohaus.kyaserv.com.ar\" target=\"_blank\">Somos Distribuidores Oficiales de la primera marca internacional en balanzas de precisi\u00f3n y anal\u00edticas OHAUS.<\/a><\/h3>\n<h3 style=\"text-align: center;\"><a title=\"OHAUS\" href=\"http:\/\/www.ohaus.kyaserv.com.ar\" target=\"_blank\">Para su mejor asesoramiento, disponemos de un micrositio espec\u00edfico para esta l\u00ednea de instrumentos:<\/a><\/h3>\n<h2 style=\"text-align: center;\"><a title=\"OHAUS\" href=\"http:\/\/www.ohaus.kyaserv.com.ar\" target=\"_blank\">www.ohaus.kyaserv.com.ar<\/a><\/h2>\n<h3 style=\"text-align: center;\"><a title=\"OHAUS\" href=\"http:\/\/www.ohaus.kyaserv.com.ar\" target=\"_blank\">Haga click para acceder al mismo en una nueva ventana de navegaci\u00f3n<\/a>.<\/h3>\n<div class='gallery'><figure class='gallery-item'>\n\t\t\t<div class='gallery-icon landscape'>\n\t\t\t\t<img width=\"150\" height=\"150\" src=\"https:\/\/kyaserv.com.ar\/web\/wp-content\/uploads\/2014\/08\/ohaus-7-150x150.jpg\" class=\"attachment-thumbnail size-thumbnail\" alt=\"\" loading=\"lazy\" srcset=\"https:\/\/kyaserv.com.ar\/web\/wp-content\/uploads\/2014\/08\/ohaus-7-150x150.jpg 150w, https:\/\/kyaserv.com.ar\/web\/wp-content\/uploads\/2014\/08\/ohaus-7-300x300.jpg 300w, https:\/\/kyaserv.com.ar\/web\/wp-content\/uploads\/2014\/08\/ohaus-7-1024x1024.jpg 1024w, https:\/\/kyaserv.com.ar\/web\/wp-content\/uploads\/2014\/08\/ohaus-7-55x55.jpg 55w, https:\/\/kyaserv.com.ar\/web\/wp-content\/uploads\/2014\/08\/ohaus-7-680x680.jpg 680w, https:\/\/kyaserv.com.ar\/web\/wp-content\/uploads\/2014\/08\/ohaus-7-72x72.jpg 72w, https:\/\/kyaserv.com.ar\/web\/wp-content\/uploads\/2014\/08\/ohaus-7-200x200.jpg 200w, https:\/\/kyaserv.com.ar\/web\/wp-content\/uploads\/2014\/08\/ohaus-7-340x340.jpg 340w, https:\/\/kyaserv.com.ar\/web\/wp-content\/uploads\/2014\/08\/ohaus-7.jpg 1110w\" sizes=\"(max-width: 150px) 100vw, 150px\" \/>\n\t\t\t<\/div><\/figure><figure class='gallery-item'>\n\t\t\t<div class='gallery-icon portrait'>\n\t\t\t\t<img width=\"150\" height=\"150\" src=\"https:\/\/kyaserv.com.ar\/web\/wp-content\/uploads\/2014\/08\/ohaus-8-150x150.jpg\" class=\"attachment-thumbnail size-thumbnail\" alt=\"\" loading=\"lazy\" srcset=\"https:\/\/kyaserv.com.ar\/web\/wp-content\/uploads\/2014\/08\/ohaus-8-150x150.jpg 150w, https:\/\/kyaserv.com.ar\/web\/wp-content\/uploads\/2014\/08\/ohaus-8-72x72.jpg 72w\" sizes=\"(max-width: 150px) 100vw, 150px\" \/>\n\t\t\t<\/div><\/figure><figure class='gallery-item'>\n\t\t\t<div class='gallery-icon landscape'>\n\t\t\t\t<img width=\"150\" height=\"150\" src=\"https:\/\/kyaserv.com.ar\/web\/wp-content\/uploads\/2014\/08\/ohaus-9-150x150.jpg\" class=\"attachment-thumbnail size-thumbnail\" alt=\"\" loading=\"lazy\" srcset=\"https:\/\/kyaserv.com.ar\/web\/wp-content\/uploads\/2014\/08\/ohaus-9-150x150.jpg 150w, https:\/\/kyaserv.com.ar\/web\/wp-content\/uploads\/2014\/08\/ohaus-9-300x300.jpg 300w, https:\/\/kyaserv.com.ar\/web\/wp-content\/uploads\/2014\/08\/ohaus-9-55x55.jpg 55w, https:\/\/kyaserv.com.ar\/web\/wp-content\/uploads\/2014\/08\/ohaus-9-72x72.jpg 72w, https:\/\/kyaserv.com.ar\/web\/wp-content\/uploads\/2014\/08\/ohaus-9-200x200.jpg 200w, https:\/\/kyaserv.com.ar\/web\/wp-content\/uploads\/2014\/08\/ohaus-9-340x340.jpg 340w, https:\/\/kyaserv.com.ar\/web\/wp-content\/uploads\/2014\/08\/ohaus-9.jpg 400w\" sizes=\"(max-width: 150px) 100vw, 150px\" \/>\n\t\t\t<\/div><\/figure><figure class='gallery-item'>\n\t\t\t<div class='gallery-icon landscape'>\n\t\t\t\t<img width=\"150\" height=\"150\" src=\"https:\/\/kyaserv.com.ar\/web\/wp-content\/uploads\/2014\/08\/ohaus-10-150x150.jpg\" class=\"attachment-thumbnail size-thumbnail\" alt=\"\" loading=\"lazy\" srcset=\"https:\/\/kyaserv.com.ar\/web\/wp-content\/uploads\/2014\/08\/ohaus-10-150x150.jpg 150w, https:\/\/kyaserv.com.ar\/web\/wp-content\/uploads\/2014\/08\/ohaus-10-55x55.jpg 55w, https:\/\/kyaserv.com.ar\/web\/wp-content\/uploads\/2014\/08\/ohaus-10-72x72.jpg 72w, https:\/\/kyaserv.com.ar\/web\/wp-content\/uploads\/2014\/08\/ohaus-10-200x200.jpg 200w, https:\/\/kyaserv.com.ar\/web\/wp-content\/uploads\/2014\/08\/ohaus-10.jpg 220w\" sizes=\"(max-width: 150px) 100vw, 150px\" \/>\n\t\t\t<\/div><\/figure><figure class='gallery-item'>\n\t\t\t<div class='gallery-icon portrait'>\n\t\t\t\t<img width=\"150\" height=\"150\" src=\"https:\/\/kyaserv.com.ar\/web\/wp-content\/uploads\/2014\/08\/ohaus-11-150x150.jpg\" class=\"attachment-thumbnail size-thumbnail\" alt=\"\" loading=\"lazy\" srcset=\"https:\/\/kyaserv.com.ar\/web\/wp-content\/uploads\/2014\/08\/ohaus-11-150x150.jpg 150w, https:\/\/kyaserv.com.ar\/web\/wp-content\/uploads\/2014\/08\/ohaus-11-72x72.jpg 72w\" sizes=\"(max-width: 150px) 100vw, 150px\" \/>\n\t\t\t<\/div><\/figure><figure class='gallery-item'>\n\t\t\t<div class='gallery-icon portrait'>\n\t\t\t\t<img width=\"150\" height=\"150\" src=\"https:\/\/kyaserv.com.ar\/web\/wp-content\/uploads\/2014\/08\/ohaus-1-150x150.jpg\" class=\"attachment-thumbnail size-thumbnail\" alt=\"\" loading=\"lazy\" srcset=\"https:\/\/kyaserv.com.ar\/web\/wp-content\/uploads\/2014\/08\/ohaus-1-150x150.jpg 150w, https:\/\/kyaserv.com.ar\/web\/wp-content\/uploads\/2014\/08\/ohaus-1-72x72.jpg 72w\" sizes=\"(max-width: 150px) 100vw, 150px\" \/>\n\t\t\t<\/div><\/figure><figure class='gallery-item'>\n\t\t\t<div class='gallery-icon landscape'>\n\t\t\t\t<img width=\"150\" height=\"150\" src=\"https:\/\/kyaserv.com.ar\/web\/wp-content\/uploads\/2014\/08\/ohaus-2-150x150.jpg\" class=\"attachment-thumbnail size-thumbnail\" alt=\"\" loading=\"lazy\" srcset=\"https:\/\/kyaserv.com.ar\/web\/wp-content\/uploads\/2014\/08\/ohaus-2-150x150.jpg 150w, https:\/\/kyaserv.com.ar\/web\/wp-content\/uploads\/2014\/08\/ohaus-2-72x72.jpg 72w\" sizes=\"(max-width: 150px) 100vw, 150px\" \/>\n\t\t\t<\/div><\/figure><figure class='gallery-item'>\n\t\t\t<div class='gallery-icon landscape'>\n\t\t\t\t<img width=\"150\" height=\"150\" src=\"https:\/\/kyaserv.com.ar\/web\/wp-content\/uploads\/2014\/08\/ohaus-3-150x150.jpg\" class=\"attachment-thumbnail size-thumbnail\" alt=\"\" loading=\"lazy\" srcset=\"https:\/\/kyaserv.com.ar\/web\/wp-content\/uploads\/2014\/08\/ohaus-3-150x150.jpg 150w, https:\/\/kyaserv.com.ar\/web\/wp-content\/uploads\/2014\/08\/ohaus-3-72x72.jpg 72w\" sizes=\"(max-width: 150px) 100vw, 150px\" \/>\n\t\t\t<\/div><\/figure><figure class='gallery-item'>\n\t\t\t<div class='gallery-icon landscape'>\n\t\t\t\t<img width=\"150\" height=\"150\" src=\"https:\/\/kyaserv.com.ar\/web\/wp-content\/uploads\/2014\/08\/ohaus-4-150x150.jpg\" class=\"attachment-thumbnail size-thumbnail\" alt=\"\" loading=\"lazy\" srcset=\"https:\/\/kyaserv.com.ar\/web\/wp-content\/uploads\/2014\/08\/ohaus-4-150x150.jpg 150w, https:\/\/kyaserv.com.ar\/web\/wp-content\/uploads\/2014\/08\/ohaus-4-72x72.jpg 72w\" sizes=\"(max-width: 150px) 100vw, 150px\" \/>\n\t\t\t<\/div><\/figure><figure class='gallery-item'>\n\t\t\t<div class='gallery-icon portrait'>\n\t\t\t\t<img width=\"150\" height=\"150\" src=\"https:\/\/kyaserv.com.ar\/web\/wp-content\/uploads\/2014\/08\/ohaus-5-150x150.jpg\" class=\"attachment-thumbnail size-thumbnail\" alt=\"\" loading=\"lazy\" srcset=\"https:\/\/kyaserv.com.ar\/web\/wp-content\/uploads\/2014\/08\/ohaus-5-150x150.jpg 150w, https:\/\/kyaserv.com.ar\/web\/wp-content\/uploads\/2014\/08\/ohaus-5-72x72.jpg 72w\" sizes=\"(max-width: 150px) 100vw, 150px\" \/>\n\t\t\t<\/div><\/figure><figure class='gallery-item'>\n\t\t\t<div class='gallery-icon portrait'>\n\t\t\t\t<img width=\"150\" height=\"150\" src=\"https:\/\/kyaserv.com.ar\/web\/wp-content\/uploads\/2014\/08\/ohaus-6-150x150.jpg\" class=\"attachment-thumbnail size-thumbnail\" alt=\"\" loading=\"lazy\" srcset=\"https:\/\/kyaserv.com.ar\/web\/wp-content\/uploads\/2014\/08\/ohaus-6-150x150.jpg 150w, https:\/\/kyaserv.com.ar\/web\/wp-content\/uploads\/2014\/08\/ohaus-6-298x300.jpg 298w, https:\/\/kyaserv.com.ar\/web\/wp-content\/uploads\/2014\/08\/ohaus-6-54x55.jpg 54w, https:\/\/kyaserv.com.ar\/web\/wp-content\/uploads\/2014\/08\/ohaus-6-72x72.jpg 72w, https:\/\/kyaserv.com.ar\/web\/wp-content\/uploads\/2014\/08\/ohaus-6-200x200.jpg 200w, https:\/\/kyaserv.com.ar\/web\/wp-content\/uploads\/2014\/08\/ohaus-6-340x341.jpg 340w, https:\/\/kyaserv.com.ar\/web\/wp-content\/uploads\/2014\/08\/ohaus-6.jpg 490w\" sizes=\"(max-width: 150px) 100vw, 150px\" \/>\n\t\t\t<\/div><\/figure><figure class='gallery-item'>\n\t\t\t<div class='gallery-icon landscape'>\n\t\t\t\t<img width=\"150\" height=\"150\" src=\"https:\/\/kyaserv.com.ar\/web\/wp-content\/uploads\/2014\/08\/IndicadorSerie3000_04-150x150.jpg\" class=\"attachment-thumbnail size-thumbnail\" alt=\"\" loading=\"lazy\" srcset=\"https:\/\/kyaserv.com.ar\/web\/wp-content\/uploads\/2014\/08\/IndicadorSerie3000_04-150x150.jpg 150w, https:\/\/kyaserv.com.ar\/web\/wp-content\/uploads\/2014\/08\/IndicadorSerie3000_04-72x72.jpg 72w\" sizes=\"(max-width: 150px) 100vw, 150px\" \/>\n\t\t\t<\/div><\/figure><figure class='gallery-item'>\n\t\t\t<div class='gallery-icon landscape'>\n\t\t\t\t<img width=\"150\" height=\"150\" src=\"https:\/\/kyaserv.com.ar\/web\/wp-content\/uploads\/2014\/08\/IndicadorSerie5000_021-150x150.jpg\" class=\"attachment-thumbnail size-thumbnail\" alt=\"\" loading=\"lazy\" srcset=\"https:\/\/kyaserv.com.ar\/web\/wp-content\/uploads\/2014\/08\/IndicadorSerie5000_021-150x150.jpg 150w, https:\/\/kyaserv.com.ar\/web\/wp-content\/uploads\/2014\/08\/IndicadorSerie5000_021-72x72.jpg 72w\" sizes=\"(max-width: 150px) 100vw, 150px\" \/>\n\t\t\t<\/div><\/figure><figure class='gallery-item'>\n\t\t\t<div class='gallery-icon landscape'>\n\t\t\t\t<img width=\"150\" height=\"150\" src=\"https:\/\/kyaserv.com.ar\/web\/wp-content\/uploads\/2014\/08\/IndicadorCKW_011-150x150.jpg\" class=\"attachment-thumbnail size-thumbnail\" alt=\"\" loading=\"lazy\" srcset=\"https:\/\/kyaserv.com.ar\/web\/wp-content\/uploads\/2014\/08\/IndicadorCKW_011-150x150.jpg 150w, https:\/\/kyaserv.com.ar\/web\/wp-content\/uploads\/2014\/08\/IndicadorCKW_011-72x72.jpg 72w\" sizes=\"(max-width: 150px) 100vw, 150px\" \/>\n\t\t\t<\/div><\/figure><figure class='gallery-item'>\n\t\t\t<div class='gallery-icon landscape'>\n\t\t\t\t<img width=\"150\" height=\"150\" src=\"https:\/\/kyaserv.com.ar\/web\/wp-content\/uploads\/2014\/08\/IndicadorSerie2000_05-150x150.jpg\" class=\"attachment-thumbnail size-thumbnail\" alt=\"\" loading=\"lazy\" srcset=\"https:\/\/kyaserv.com.ar\/web\/wp-content\/uploads\/2014\/08\/IndicadorSerie2000_05-150x150.jpg 150w, https:\/\/kyaserv.com.ar\/web\/wp-content\/uploads\/2014\/08\/IndicadorSerie2000_05-72x72.jpg 72w\" sizes=\"(max-width: 150px) 100vw, 150px\" \/>\n\t\t\t<\/div><\/figure><figure class='gallery-item'>\n\t\t\t<div class='gallery-icon landscape'>\n\t\t\t\t<img width=\"150\" height=\"150\" src=\"https:\/\/kyaserv.com.ar\/web\/wp-content\/uploads\/2014\/08\/IndicadorSerie7000_021-150x150.jpg\" class=\"attachment-thumbnail size-thumbnail\" alt=\"\" loading=\"lazy\" srcset=\"https:\/\/kyaserv.com.ar\/web\/wp-content\/uploads\/2014\/08\/IndicadorSerie7000_021-150x150.jpg 150w, https:\/\/kyaserv.com.ar\/web\/wp-content\/uploads\/2014\/08\/IndicadorSerie7000_021-72x72.jpg 72w\" sizes=\"(max-width: 150px) 100vw, 150px\" \/>\n\t\t\t<\/div><\/figure>\n\t\t<\/div>\n\n<h3><\/h3>\n<h3><\/h3>\n<p>&nbsp;<\/p>\n<p>&nbsp;<\/p>\n","protected":false},"excerpt":{"rendered":"<p>Somos Distribuidores Oficiales de la primera marca internacional en balanzas de precisi\u00f3n y anal\u00edticas OHAUS. Para su mejor asesoramiento, disponemos de un micrositio espec\u00edfico para esta l\u00ednea de instrumentos: www.ohaus.kyaserv.com.ar Haga click para acceder al mismo en una nueva ventana de navegaci\u00f3n. &nbsp; &nbsp;<\/p>\n","protected":false},"author":3,"featured_media":0,"parent":0,"menu_order":0,"comment_status":"closed","ping_status":"closed","template":"","meta":{"_monsterinsights_skip_tracking":false,"_monsterinsights_sitenote_active":false,"_monsterinsights_sitenote_note":"","_monsterinsights_sitenote_category":0,"_joinchat":[]},"_links":{"self":[{"href":"https:\/\/kyaserv.com.ar\/web\/wp-json\/wp\/v2\/pages\/1867"}],"collection":[{"href":"https:\/\/kyaserv.com.ar\/web\/wp-json\/wp\/v2\/pages"}],"about":[{"href":"https:\/\/kyaserv.com.ar\/web\/wp-json\/wp\/v2\/types\/page"}],"author":[{"embeddable":true,"href":"https:\/\/kyaserv.com.ar\/web\/wp-json\/wp\/v2\/users\/3"}],"replies":[{"embeddable":true,"href":"https:\/\/kyaserv.com.ar\/web\/wp-json\/wp\/v2\/comments?post=1867"}],"version-history":[{"count":4,"href":"https:\/\/kyaserv.com.ar\/web\/wp-json\/wp\/v2\/pages\/1867\/revisions"}],"predecessor-version":[{"id":1901,"href":"https:\/\/kyaserv.com.ar\/web\/wp-json\/wp\/v2\/pages\/1867\/revisions\/1901"}],"wp:attachment":[{"href":"https:\/\/kyaserv.com.ar\/web\/wp-json\/wp\/v2\/media?parent=1867"}],"curies":[{"name":"wp","href":"https:\/\/api.w.org\/{rel}","templated":true}]}}