{"id":243,"date":"2014-08-04T23:57:19","date_gmt":"2014-08-05T02:57:19","guid":{"rendered":"https:\/\/kyaserv.com.ar\/web\/?page_id=243"},"modified":"2014-08-05T23:31:02","modified_gmt":"2014-08-06T02:31:02","slug":"mapa-de-clientes","status":"publish","type":"page","link":"https:\/\/kyaserv.com.ar\/web\/mapa-de-clientes\/","title":{"rendered":"Mapa de Clientes"},"content":{"rendered":"<p><strong>Atendemos\u00a0a TODO EL PAIS<\/strong>.<\/p>\n<p>Comercializamos y despachamos balanzas y repuestos a todo el territorio nacional. Nuestros equipos de trabajo cuentan con movilidad e instrumentos adecuados para trasladarse a cualquier punto del pa\u00eds atendiendo con suma rapidez cualquier necesidad de servicio t\u00e9cnico.<\/p>\n<p>Cuando los sistemas lo permiten trabajamos con soporte de acceso remoto para una soluci\u00f3n pr\u00e1ctica y \u00e1gil de cualquier problema de software.<\/p>\n<p>En el siguiente mapa ilustramos algunas de las ciudades donde tenemos clientes atendidos con nuestros productos y servicios:<\/p>\n <style type=\"text\/css\"> #ready_google_map_2{ width:100%; height:500px; float:top; border:0px solid ; margin:0px; } #gmapControlsNum_2{ width:100% } #ready_google_map_2 .gmpMarkerInfoWindow{ width:200px; height:100px; } .gmpMapDetailsContainer#gmpMapDetailsContainer_2{ height:500px; } .gmp_MapPreview#ready_google_map_2{ \/*position:absolute;*\/ width:100%; } #mapConElem_2{ width:100% } <\/style> <div class=\"gmp_map_opts \" id=\"mapConElem_2\"> <div class=\"gmpMapDetailsContainer\" id=\"gmpMapDetailsContainer_2\"> <div class=\"gmp_MapPreview \" id=\"ready_google_map_2\"><\/div> <\/div> <div class=\"gmpMapProControlsCon\" id=\"gmpMapProControlsCon_2\"> <\/div> <\/div>\n<p>&nbsp;<\/p>\n","protected":false},"excerpt":{"rendered":"<p>Atendemos\u00a0a TODO EL PAIS. Comercializamos y despachamos balanzas y repuestos a todo el territorio nacional. Nuestros equipos de trabajo cuentan con movilidad e instrumentos adecuados para trasladarse a cualquier punto del pa\u00eds atendiendo con suma rapidez cualquier necesidad de servicio t\u00e9cnico. Cuando los sistemas lo permiten trabajamos con soporte de [\u2026] <\/p>\n<div class=\"clear\"><\/div>\n<p><a class=\"more_link clearfix\" href=\"https:\/\/kyaserv.com.ar\/web\/mapa-de-clientes\/\" rel=\"nofollow\">M\u00e1s informaci\u00f3n &rarr;<\/a><\/p>\n","protected":false},"author":3,"featured_media":0,"parent":0,"menu_order":0,"comment_status":"closed","ping_status":"open","template":"","meta":{"_monsterinsights_skip_tracking":false,"_monsterinsights_sitenote_active":false,"_monsterinsights_sitenote_note":"","_monsterinsights_sitenote_category":0,"_joinchat":[]},"_links":{"self":[{"href":"https:\/\/kyaserv.com.ar\/web\/wp-json\/wp\/v2\/pages\/243"}],"collection":[{"href":"https:\/\/kyaserv.com.ar\/web\/wp-json\/wp\/v2\/pages"}],"about":[{"href":"https:\/\/kyaserv.com.ar\/web\/wp-json\/wp\/v2\/types\/page"}],"author":[{"embeddable":true,"href":"https:\/\/kyaserv.com.ar\/web\/wp-json\/wp\/v2\/users\/3"}],"replies":[{"embeddable":true,"href":"https:\/\/kyaserv.com.ar\/web\/wp-json\/wp\/v2\/comments?post=243"}],"version-history":[{"count":5,"href":"https:\/\/kyaserv.com.ar\/web\/wp-json\/wp\/v2\/pages\/243\/revisions"}],"predecessor-version":[{"id":252,"href":"https:\/\/kyaserv.com.ar\/web\/wp-json\/wp\/v2\/pages\/243\/revisions\/252"}],"wp:attachment":[{"href":"https:\/\/kyaserv.com.ar\/web\/wp-json\/wp\/v2\/media?parent=243"}],"curies":[{"name":"wp","href":"https:\/\/api.w.org\/{rel}","templated":true}]}}