{"id":3568,"date":"2016-05-09T15:15:33","date_gmt":"2016-05-09T18:15:33","guid":{"rendered":"https:\/\/kyaserv.com.ar\/web\/?page_id=3568"},"modified":"2025-12-22T09:35:13","modified_gmt":"2025-12-22T12:35:13","slug":"utiilidades","status":"publish","type":"page","link":"https:\/\/kyaserv.com.ar\/web\/utiilidades\/","title":{"rendered":"Utilidades"},"content":{"rendered":"<p><img loading=\"lazy\" class=\"alignnone wp-image-3583 size-medium\" src=\"https:\/\/kyaserv.com.ar\/web\/wp-content\/uploads\/2016\/05\/utilidades-300x169.jpg\" alt=\"utilidades\" width=\"300\" height=\"169\" srcset=\"https:\/\/kyaserv.com.ar\/web\/wp-content\/uploads\/2016\/05\/utilidades-300x169.jpg 300w, https:\/\/kyaserv.com.ar\/web\/wp-content\/uploads\/2016\/05\/utilidades-768x432.jpg 768w, https:\/\/kyaserv.com.ar\/web\/wp-content\/uploads\/2016\/05\/utilidades-1024x576.jpg 1024w, https:\/\/kyaserv.com.ar\/web\/wp-content\/uploads\/2016\/05\/utilidades-98x55.jpg 98w, https:\/\/kyaserv.com.ar\/web\/wp-content\/uploads\/2016\/05\/utilidades-800x450.jpg 800w, https:\/\/kyaserv.com.ar\/web\/wp-content\/uploads\/2016\/05\/utilidades-680x383.jpg 680w, https:\/\/kyaserv.com.ar\/web\/wp-content\/uploads\/2016\/05\/utilidades-200x113.jpg 200w, https:\/\/kyaserv.com.ar\/web\/wp-content\/uploads\/2016\/05\/utilidades.jpg 1280w\" sizes=\"(max-width: 300px) 100vw, 300px\" \/><\/p>\n<p>P\u00e1gina para descarga de utilidades, drivers, aplicaciones y herramientas para el diagn\u00f3stico, configuraci\u00f3n, reparaci\u00f3n y asistencia t\u00e9cnica remota de sistemas inform\u00e1ticos y de pesaje.<\/p>\n<a target=\"_blank\" href=\"https:\/\/www.dwservice.net\/es\/download.html\"class=\"wpz-sc-button\" style=\"\"><span><i class=\"fa fa-download\" style=\"padding-right:6px;\"><\/i>Soporte Remoto KYASERV (RECOMENDADO)<\/span><\/a>\n<a target=\"_blank\" href=\"https:\/\/download.teamviewer.com\/download\/version_12x\/TeamViewer_Setup.exe\"class=\"wpz-sc-button\" style=\"\"><span><i class=\"fa fa-download\" style=\"padding-right:6px;\"><\/i>Teamviewer 12<\/span><\/a>\n<a target=\"_blank\" href=\"https:\/\/www.dwservice.net\/download\/dwagent_x86.exe\"class=\"wpz-sc-button\" style=\"\"><span><i class=\"fa fa-download\" style=\"padding-right:6px;\"><\/i>Soporte Remoto DWS<\/span><\/a>\n<a target=\"_blank\" href=\"https:\/\/drive.google.com\/open?id=0B2RWS-P3a5kSNTkycjdtVGlBSlk\"class=\"wpz-sc-button\" style=\"\"><span><i class=\"fa fa-download\" style=\"padding-right:6px;\"><\/i>HyperTerminal Windows<\/span><\/a>\n<a target=\"_blank\" href=\"https:\/\/drive.google.com\/open?id=0B2RWS-P3a5kSejlOeU5vVURsWk0\"class=\"wpz-sc-button\" style=\"\"><span><i class=\"fa fa-download\" style=\"padding-right:6px;\"><\/i>Driver USB-RS232 c\/Chipset Silabs cp210x<\/span><\/a>\n<a target=\"_blank\" href=\"https:\/\/drive.google.com\/open?id=0B2RWS-P3a5kSYUx0aHUwSmdza1k\"class=\"wpz-sc-button\" style=\"\"><span><i class=\"fa fa-download\" style=\"padding-right:6px;\"><\/i>Driver USB-RS232 &#8220;Manhattan&#8221;<\/span><\/a>\n<a target=\"_blank\" href=\"https:\/\/drive.google.com\/file\/d\/15Nb5O50igGbCsJJY-0uQbG0OCNoN6UGU\/view?usp=drive_link\"class=\"wpz-sc-button\" style=\"\"><span><i class=\"fa fa-download\" style=\"padding-right:6px;\"><\/i>Driver USB-RS232 &#8220;Manhattan&#8221; &#8211; Nueva Versi\u00f3n 2023<\/span><\/a>\n<a target=\"_blank\" href=\"https:\/\/drive.google.com\/open?id=0B2RWS-P3a5kSMl9ycl9tRjluQ0k\"class=\"wpz-sc-button\" style=\"\"><span><i class=\"fa fa-download\" style=\"padding-right:6px;\"><\/i>Terminal de datos (RS232, TCP\/IP, UDP)<\/span><\/a>\n<a target=\"_blank\" href=\"https:\/\/drive.google.com\/file\/d\/0B2RWS-P3a5kSSW5qbTJyWkhMa1E\/view?usp=sharing&amp;resourcekey=0-peYQ1fo0zh7JqWtjaRUXSg\"class=\"wpz-sc-button\" style=\"\"><span><i class=\"fa fa-download\" style=\"padding-right:6px;\"><\/i>ezManager (RS232-Ethernet)<\/span><\/a>\n<a target=\"_blank\" href=\"https:\/\/drive.google.com\/file\/d\/0B2RWS-P3a5kSb0dBMk9NSmJoSGM\/view?usp=sharing&amp;resourcekey=0-qILZDlEE3WA7XmFYkcNbxg\"class=\"wpz-sc-button\" style=\"\"><span><i class=\"fa fa-download\" style=\"padding-right:6px;\"><\/i>Pro-Visor (Programaci\u00f3n visores V101\/V102)<\/span><\/a>\n","protected":false},"excerpt":{"rendered":"<p>P\u00e1gina para descarga de utilidades, drivers, aplicaciones y herramientas para el diagn\u00f3stico, configuraci\u00f3n, reparaci\u00f3n y asistencia t\u00e9cnica remota de sistemas inform\u00e1ticos y de pesaje.<\/p>\n","protected":false},"author":3,"featured_media":3583,"parent":0,"menu_order":0,"comment_status":"closed","ping_status":"closed","template":"","meta":{"_monsterinsights_skip_tracking":false,"_monsterinsights_sitenote_active":false,"_monsterinsights_sitenote_note":"","_monsterinsights_sitenote_category":0,"_joinchat":[]},"_links":{"self":[{"href":"https:\/\/kyaserv.com.ar\/web\/wp-json\/wp\/v2\/pages\/3568"}],"collection":[{"href":"https:\/\/kyaserv.com.ar\/web\/wp-json\/wp\/v2\/pages"}],"about":[{"href":"https:\/\/kyaserv.com.ar\/web\/wp-json\/wp\/v2\/types\/page"}],"author":[{"embeddable":true,"href":"https:\/\/kyaserv.com.ar\/web\/wp-json\/wp\/v2\/users\/3"}],"replies":[{"embeddable":true,"href":"https:\/\/kyaserv.com.ar\/web\/wp-json\/wp\/v2\/comments?post=3568"}],"version-history":[{"count":30,"href":"https:\/\/kyaserv.com.ar\/web\/wp-json\/wp\/v2\/pages\/3568\/revisions"}],"predecessor-version":[{"id":4604,"href":"https:\/\/kyaserv.com.ar\/web\/wp-json\/wp\/v2\/pages\/3568\/revisions\/4604"}],"wp:featuredmedia":[{"embeddable":true,"href":"https:\/\/kyaserv.com.ar\/web\/wp-json\/wp\/v2\/media\/3583"}],"wp:attachment":[{"href":"https:\/\/kyaserv.com.ar\/web\/wp-json\/wp\/v2\/media?parent=3568"}],"curies":[{"name":"wp","href":"https:\/\/api.w.org\/{rel}","templated":true}]}}